{"id":130,"date":"2014-12-02T22:47:44","date_gmt":"2014-12-02T21:47:44","guid":{"rendered":"http:\/\/www.2minuti.it\/ilblog\/?page_id=130"},"modified":"2024-10-22T19:59:08","modified_gmt":"2024-10-22T17:59:08","slug":"sergio-che-sottotitola","status":"publish","type":"page","link":"https:\/\/www.2minuti.it\/ilblog\/sergio-che-sottotitola\/","title":{"rendered":"Sergio che sottotitola"},"content":{"rendered":"<p>Il sottotitolo di questo blog \u00e8 un cruccio&#8230;<\/p>\n<p>Nel sottotitolo bisogna scrivere qualcosa che chiarisca il titolo e che ne espanda il senso. Sul perch\u00e8 questo sito si chiami <strong>2 minuti<\/strong> ci sono abbondanti spiegazioni in un&#8217;altra pagina. Sui sottotitoli scelti \u00e8 necessario scrivere a parte.<\/p>\n<p>Sono &#8220;sottotitoli&#8221;, al plurale, perch\u00e9 cambiano, si evolvono. Chi naviga spesso questo sito avr\u00e0 notato che il sottotitolo attuale \u00e8 anche indizio del punto di vista, dello stato d&#8217;animo col quale vengono trattati i vari argomenti.<\/p>\n<p>I sottotitoli cambiano come si modificano i sentimenti umani. Qui, vengono raccolti per i posteri.<\/p>\n<h2>Archivio sottotitoli<\/h2>\n<ul>\n<li>Dal 05\/09\/2014 &#8211; Datemi due minuti e sono subito da voi&#8230;<\/li>\n<li>Dal 02\/12\/2014 &#8211; Se sei felice,\u00a0che te ne frega dei due minuti d&#8217;odio?<\/li>\n<li>Dal 25\/08\/2015 &#8211; Due minuti di paura, poi pronti via!<\/li>\n<li>Dal 23\/08\/2016 &#8211; Raccomando d&#8217;aver cura dei minuti<\/li>\n<li>Dal 22\/10\/2024 &#8211; Son sabbia i minuti<\/li>\n<\/ul>\n","protected":false},"excerpt":{"rendered":"<p>Il sottotitolo di questo blog \u00e8 un cruccio&#8230; Nel sottotitolo bisogna scrivere qualcosa che chiarisca il titolo e che ne<\/p>\n","protected":false},"author":1,"featured_media":0,"parent":0,"menu_order":3,"comment_status":"closed","ping_status":"closed","template":"","meta":{"colormag_page_container_layout":"default_layout","colormag_page_sidebar_layout":"default_layout","footnotes":""},"class_list":["post-130","page","type-page","status-publish","hentry"],"yoast_head":"<!-- This site is optimized with the Yoast SEO plugin v27.4 - https:\/\/yoast.com\/product\/yoast-seo-wordpress\/ -->\n<title>Sergio che sottotitola - 2 minuti<\/title>\n<meta name=\"robots\" content=\"index, follow, max-snippet:-1, max-image-preview:large, max-video-preview:-1\" \/>\n<link rel=\"canonical\" href=\"https:\/\/www.2minuti.it\/ilblog\/sergio-che-sottotitola\/\" \/>\n<meta property=\"og:locale\" content=\"it_IT\" \/>\n<meta property=\"og:type\" content=\"article\" \/>\n<meta property=\"og:title\" content=\"Sergio che sottotitola - 2 minuti\" \/>\n<meta property=\"og:description\" content=\"Il sottotitolo di questo blog \u00e8 un cruccio&#8230; Nel sottotitolo bisogna scrivere qualcosa che chiarisca il titolo e che ne\" \/>\n<meta property=\"og:url\" content=\"https:\/\/www.2minuti.it\/ilblog\/sergio-che-sottotitola\/\" \/>\n<meta property=\"og:site_name\" content=\"2 minuti\" \/>\n<meta property=\"article:publisher\" content=\"https:\/\/www.facebook.com\/Sergionline\" \/>\n<meta property=\"article:modified_time\" content=\"2024-10-22T17:59:08+00:00\" \/>\n<meta property=\"og:image\" content=\"https:\/\/www.2minuti.it\/ilblog\/wp-content\/uploads\/2014\/12\/IMG_0292-1024x683.jpg\" \/>\n\t<meta property=\"og:image:width\" content=\"1024\" \/>\n\t<meta property=\"og:image:height\" content=\"683\" \/>\n\t<meta property=\"og:image:type\" content=\"image\/jpeg\" \/>\n<meta name=\"twitter:card\" content=\"summary_large_image\" \/>\n<meta name=\"twitter:site\" content=\"@Sergiontw\" \/>\n<meta name=\"twitter:label1\" content=\"Tempo di lettura stimato\" \/>\n\t<meta name=\"twitter:data1\" content=\"1 minuto\" \/>\n<script type=\"application\/ld+json\" class=\"yoast-schema-graph\">{\"@context\":\"https:\\\/\\\/schema.org\",\"@graph\":[{\"@type\":\"WebPage\",\"@id\":\"https:\\\/\\\/www.2minuti.it\\\/ilblog\\\/sergio-che-sottotitola\\\/\",\"url\":\"https:\\\/\\\/www.2minuti.it\\\/ilblog\\\/sergio-che-sottotitola\\\/\",\"name\":\"Sergio che sottotitola - 2 minuti\",\"isPartOf\":{\"@id\":\"https:\\\/\\\/www.2minuti.it\\\/ilblog\\\/#website\"},\"datePublished\":\"2014-12-02T21:47:44+00:00\",\"dateModified\":\"2024-10-22T17:59:08+00:00\",\"breadcrumb\":{\"@id\":\"https:\\\/\\\/www.2minuti.it\\\/ilblog\\\/sergio-che-sottotitola\\\/#breadcrumb\"},\"inLanguage\":\"it-IT\",\"potentialAction\":[{\"@type\":\"ReadAction\",\"target\":[\"https:\\\/\\\/www.2minuti.it\\\/ilblog\\\/sergio-che-sottotitola\\\/\"]}]},{\"@type\":\"BreadcrumbList\",\"@id\":\"https:\\\/\\\/www.2minuti.it\\\/ilblog\\\/sergio-che-sottotitola\\\/#breadcrumb\",\"itemListElement\":[{\"@type\":\"ListItem\",\"position\":1,\"name\":\"Home\",\"item\":\"https:\\\/\\\/www.2minuti.it\\\/ilblog\\\/\"},{\"@type\":\"ListItem\",\"position\":2,\"name\":\"Sergio che sottotitola\"}]},{\"@type\":\"WebSite\",\"@id\":\"https:\\\/\\\/www.2minuti.it\\\/ilblog\\\/#website\",\"url\":\"https:\\\/\\\/www.2minuti.it\\\/ilblog\\\/\",\"name\":\"2 minuti\",\"description\":\"Son sabbia i minuti (Charles Baudelaire)\",\"publisher\":{\"@id\":\"https:\\\/\\\/www.2minuti.it\\\/ilblog\\\/#organization\"},\"potentialAction\":[{\"@type\":\"SearchAction\",\"target\":{\"@type\":\"EntryPoint\",\"urlTemplate\":\"https:\\\/\\\/www.2minuti.it\\\/ilblog\\\/?s={search_term_string}\"},\"query-input\":{\"@type\":\"PropertyValueSpecification\",\"valueRequired\":true,\"valueName\":\"search_term_string\"}}],\"inLanguage\":\"it-IT\"},{\"@type\":\"Organization\",\"@id\":\"https:\\\/\\\/www.2minuti.it\\\/ilblog\\\/#organization\",\"name\":\"2 minuti\",\"url\":\"https:\\\/\\\/www.2minuti.it\\\/ilblog\\\/\",\"logo\":{\"@type\":\"ImageObject\",\"inLanguage\":\"it-IT\",\"@id\":\"https:\\\/\\\/www.2minuti.it\\\/ilblog\\\/#\\\/schema\\\/logo\\\/image\\\/\",\"url\":\"https:\\\/\\\/www.2minuti.it\\\/ilblog\\\/wp-content\\\/uploads\\\/2016\\\/08\\\/sergio-100.png\",\"contentUrl\":\"https:\\\/\\\/www.2minuti.it\\\/ilblog\\\/wp-content\\\/uploads\\\/2016\\\/08\\\/sergio-100.png\",\"width\":100,\"height\":100,\"caption\":\"2 minuti\"},\"image\":{\"@id\":\"https:\\\/\\\/www.2minuti.it\\\/ilblog\\\/#\\\/schema\\\/logo\\\/image\\\/\"},\"sameAs\":[\"https:\\\/\\\/www.facebook.com\\\/Sergionline\",\"https:\\\/\\\/x.com\\\/Sergiontw\",\"https:\\\/\\\/www.linkedin.com\\\/in\\\/sergio-nuzzo-45647233\",\"https:\\\/\\\/www.youtube.com\\\/channel\\\/UCyKOEznfP8LsDTRAu4GTAdA\"]}]}<\/script>\n<!-- \/ Yoast SEO plugin. -->","yoast_head_json":{"title":"Sergio che sottotitola - 2 minuti","robots":{"index":"index","follow":"follow","max-snippet":"max-snippet:-1","max-image-preview":"max-image-preview:large","max-video-preview":"max-video-preview:-1"},"canonical":"https:\/\/www.2minuti.it\/ilblog\/sergio-che-sottotitola\/","og_locale":"it_IT","og_type":"article","og_title":"Sergio che sottotitola - 2 minuti","og_description":"Il sottotitolo di questo blog \u00e8 un cruccio&#8230; Nel sottotitolo bisogna scrivere qualcosa che chiarisca il titolo e che ne","og_url":"https:\/\/www.2minuti.it\/ilblog\/sergio-che-sottotitola\/","og_site_name":"2 minuti","article_publisher":"https:\/\/www.facebook.com\/Sergionline","article_modified_time":"2024-10-22T17:59:08+00:00","og_image":[{"width":1024,"height":683,"url":"https:\/\/www.2minuti.it\/ilblog\/wp-content\/uploads\/2014\/12\/IMG_0292-1024x683.jpg","type":"image\/jpeg"}],"twitter_card":"summary_large_image","twitter_site":"@Sergiontw","twitter_misc":{"Tempo di lettura stimato":"1 minuto"},"schema":{"@context":"https:\/\/schema.org","@graph":[{"@type":"WebPage","@id":"https:\/\/www.2minuti.it\/ilblog\/sergio-che-sottotitola\/","url":"https:\/\/www.2minuti.it\/ilblog\/sergio-che-sottotitola\/","name":"Sergio che sottotitola - 2 minuti","isPartOf":{"@id":"https:\/\/www.2minuti.it\/ilblog\/#website"},"datePublished":"2014-12-02T21:47:44+00:00","dateModified":"2024-10-22T17:59:08+00:00","breadcrumb":{"@id":"https:\/\/www.2minuti.it\/ilblog\/sergio-che-sottotitola\/#breadcrumb"},"inLanguage":"it-IT","potentialAction":[{"@type":"ReadAction","target":["https:\/\/www.2minuti.it\/ilblog\/sergio-che-sottotitola\/"]}]},{"@type":"BreadcrumbList","@id":"https:\/\/www.2minuti.it\/ilblog\/sergio-che-sottotitola\/#breadcrumb","itemListElement":[{"@type":"ListItem","position":1,"name":"Home","item":"https:\/\/www.2minuti.it\/ilblog\/"},{"@type":"ListItem","position":2,"name":"Sergio che sottotitola"}]},{"@type":"WebSite","@id":"https:\/\/www.2minuti.it\/ilblog\/#website","url":"https:\/\/www.2minuti.it\/ilblog\/","name":"2 minuti","description":"Son sabbia i minuti (Charles Baudelaire)","publisher":{"@id":"https:\/\/www.2minuti.it\/ilblog\/#organization"},"potentialAction":[{"@type":"SearchAction","target":{"@type":"EntryPoint","urlTemplate":"https:\/\/www.2minuti.it\/ilblog\/?s={search_term_string}"},"query-input":{"@type":"PropertyValueSpecification","valueRequired":true,"valueName":"search_term_string"}}],"inLanguage":"it-IT"},{"@type":"Organization","@id":"https:\/\/www.2minuti.it\/ilblog\/#organization","name":"2 minuti","url":"https:\/\/www.2minuti.it\/ilblog\/","logo":{"@type":"ImageObject","inLanguage":"it-IT","@id":"https:\/\/www.2minuti.it\/ilblog\/#\/schema\/logo\/image\/","url":"https:\/\/www.2minuti.it\/ilblog\/wp-content\/uploads\/2016\/08\/sergio-100.png","contentUrl":"https:\/\/www.2minuti.it\/ilblog\/wp-content\/uploads\/2016\/08\/sergio-100.png","width":100,"height":100,"caption":"2 minuti"},"image":{"@id":"https:\/\/www.2minuti.it\/ilblog\/#\/schema\/logo\/image\/"},"sameAs":["https:\/\/www.facebook.com\/Sergionline","https:\/\/x.com\/Sergiontw","https:\/\/www.linkedin.com\/in\/sergio-nuzzo-45647233","https:\/\/www.youtube.com\/channel\/UCyKOEznfP8LsDTRAu4GTAdA"]}]}},"_links":{"self":[{"href":"https:\/\/www.2minuti.it\/ilblog\/wp-json\/wp\/v2\/pages\/130","targetHints":{"allow":["GET"]}}],"collection":[{"href":"https:\/\/www.2minuti.it\/ilblog\/wp-json\/wp\/v2\/pages"}],"about":[{"href":"https:\/\/www.2minuti.it\/ilblog\/wp-json\/wp\/v2\/types\/page"}],"author":[{"embeddable":true,"href":"https:\/\/www.2minuti.it\/ilblog\/wp-json\/wp\/v2\/users\/1"}],"replies":[{"embeddable":true,"href":"https:\/\/www.2minuti.it\/ilblog\/wp-json\/wp\/v2\/comments?post=130"}],"version-history":[{"count":6,"href":"https:\/\/www.2minuti.it\/ilblog\/wp-json\/wp\/v2\/pages\/130\/revisions"}],"predecessor-version":[{"id":631,"href":"https:\/\/www.2minuti.it\/ilblog\/wp-json\/wp\/v2\/pages\/130\/revisions\/631"}],"wp:attachment":[{"href":"https:\/\/www.2minuti.it\/ilblog\/wp-json\/wp\/v2\/media?parent=130"}],"curies":[{"name":"wp","href":"https:\/\/api.w.org\/{rel}","templated":true}]}}